{"id":292,"date":"2014-11-15T12:58:18","date_gmt":"2014-11-15T12:58:18","guid":{"rendered":"http:\/\/www.pierre-bauer.fr\/?page_id=292"},"modified":"2025-10-07T14:38:12","modified_gmt":"2025-10-07T14:38:12","slug":"galeries","status":"publish","type":"page","link":"https:\/\/www.pierre-bauer.fr\/?page_id=292","title":{"rendered":"Galeries"},"content":{"rendered":"\r\n\r\n<p>\r\n<a href=\"http:\/\/www.pierre-bauer.fr\/?page_id=7157\"><strong>Oeuvres r\u00e9alis\u00e9es<\/strong> en 2025-2026<\/a>\r\n<br \/>\r\n<a href=\"http:\/\/www.pierre-bauer.fr\/?page_id=6828\"><strong>Oeuvres r\u00e9alis\u00e9es<\/strong> en 2024-2025<\/a>\r\n<br \/>\r\n<a href=\"http:\/\/www.pierre-bauer.fr\/?page_id=6359\"><strong>\u0152uvres r\u00e9alis\u00e9es <\/strong>en 2023 &#8211; 2024<strong>\r\n<\/strong><\/a>\r\n<br \/>\r\n<a href=\"http:\/\/www.pierre-bauer.fr\/?page_id=5716\"><strong>Oeuvres r\u00e9alis\u00e9es<\/strong> en 2022 &#8211; 2023<br \/><\/a>\r\n<a href=\"http:\/\/www.pierre-bauer.fr\/?page_id=4582\"><strong>Oeuvres r\u00e9alis\u00e9es<\/strong> en 2021 &#8211; 2022<br \/><\/a>\r\n<a href=\"http:\/\/www.pierre-bauer.fr\/?page_id=3674\"><strong>Oeuvres r\u00e9alis\u00e9es<\/strong> en 2020 &#8211; 2021<br \/><\/a>\r\n<a href=\"http:\/\/www.pierre-bauer.fr\/?page_id=3169\"><strong>Oeuvres r\u00e9alis\u00e9es<\/strong> en 2019-2020<br \/><\/a>\r\n<a href=\"http:\/\/www.pierre-bauer.fr\/?page_id=2404\"><strong>Oeuvres r\u00e9alis\u00e9es<\/strong> en 2018-2019<br \/><\/a>\r\n<a href=\"http:\/\/www.pierre-bauer.fr\/?page_id=2400\"><strong>Oeuvres r\u00e9alis\u00e9es<\/strong> en 2017-2018<br \/><\/a><\/p>\r\n\r\n\r\n\r\n","protected":false},"excerpt":{"rendered":"<p>Oeuvres r\u00e9alis\u00e9es en 2025-2026 Oeuvres r\u00e9alis\u00e9es en 2024-2025 \u0152uvres r\u00e9alis\u00e9es en 2023 &#8211; 2024 Oeuvres r\u00e9alis\u00e9es en 2022 &#8211; 2023 Oeuvres r\u00e9alis\u00e9es en 2021 &#8211; 2022 Oeuvres r\u00e9alis\u00e9es en 2020 &#8211; 2021 Oeuvres r\u00e9alis\u00e9es en 2019-2020 Oeuvres r\u00e9alis\u00e9es en 2018-2019 Oeuvres r\u00e9alis\u00e9es en 2017-2018<\/p>\n","protected":false},"author":1,"featured_media":0,"parent":0,"menu_order":0,"comment_status":"open","ping_status":"open","template":"template-full.php","meta":[],"_links":{"self":[{"href":"https:\/\/www.pierre-bauer.fr\/index.php?rest_route=\/wp\/v2\/pages\/292"}],"collection":[{"href":"https:\/\/www.pierre-bauer.fr\/index.php?rest_route=\/wp\/v2\/pages"}],"about":[{"href":"https:\/\/www.pierre-bauer.fr\/index.php?rest_route=\/wp\/v2\/types\/page"}],"author":[{"embeddable":true,"href":"https:\/\/www.pierre-bauer.fr\/index.php?rest_route=\/wp\/v2\/users\/1"}],"replies":[{"embeddable":true,"href":"https:\/\/www.pierre-bauer.fr\/index.php?rest_route=%2Fwp%2Fv2%2Fcomments&post=292"}],"version-history":[{"count":40,"href":"https:\/\/www.pierre-bauer.fr\/index.php?rest_route=\/wp\/v2\/pages\/292\/revisions"}],"predecessor-version":[{"id":7160,"href":"https:\/\/www.pierre-bauer.fr\/index.php?rest_route=\/wp\/v2\/pages\/292\/revisions\/7160"}],"wp:attachment":[{"href":"https:\/\/www.pierre-bauer.fr\/index.php?rest_route=%2Fwp%2Fv2%2Fmedia&parent=292"}],"curies":[{"name":"wp","href":"https:\/\/api.w.org\/{rel}","templated":true}]}}