{"id":287,"date":"2014-11-15T12:56:41","date_gmt":"2014-11-15T12:56:41","guid":{"rendered":"http:\/\/www.pierre-bauer.fr\/?page_id=287"},"modified":"2025-10-08T14:53:53","modified_gmt":"2025-10-08T14:53:53","slug":"accueil","status":"publish","type":"page","link":"https:\/\/www.pierre-bauer.fr\/","title":{"rendered":"Accueil"},"content":{"rendered":"<p>&nbsp;<\/p>\n<p style=\"text-align: center;\"><img loading=\"lazy\" class=\"alignnone wp-image-7165 size-medium\" src=\"http:\/\/www.pierre-bauer.fr\/wp-content\/uploads\/2025\/10\/pierre-bauer-artiste-peintre-ok-300x300.jpeg\" alt=\"Pierre Bauer Artiste peintre\" width=\"300\" height=\"300\" srcset=\"https:\/\/www.pierre-bauer.fr\/wp-content\/uploads\/2025\/10\/pierre-bauer-artiste-peintre-ok-300x300.jpeg 300w, https:\/\/www.pierre-bauer.fr\/wp-content\/uploads\/2025\/10\/pierre-bauer-artiste-peintre-ok-200x200.jpeg 200w, https:\/\/www.pierre-bauer.fr\/wp-content\/uploads\/2025\/10\/pierre-bauer-artiste-peintre-ok-768x768.jpeg 768w, https:\/\/www.pierre-bauer.fr\/wp-content\/uploads\/2025\/10\/pierre-bauer-artiste-peintre-ok-420x420.jpeg 420w, https:\/\/www.pierre-bauer.fr\/wp-content\/uploads\/2025\/10\/pierre-bauer-artiste-peintre-ok.jpeg 900w\" sizes=\"(max-width: 300px) 100vw, 300px\" \/><\/p>\n<p style=\"text-align: center;\">Bonjour,<\/p>\n<p>Merci de venir visiter mon site<\/p>\n<p><b>Je vous souhaite de passer un moment agr\u00e9able durant cette consultation et esp\u00e8re, si vous le d\u00e9sirez ou si une de mes r\u00e9alisations vous int\u00e9resse, me contacter ou simplement me transmettre vos remarques \u00e9ventuelles via ma rubrique contact.<\/b><\/p>\n<p>Salutations<\/p>\n<p>Pierre Bauer<\/p>\n","protected":false},"excerpt":{"rendered":"<p>&nbsp; Bonjour, Merci de venir visiter mon site Je vous souhaite de passer un moment agr\u00e9able durant cette consultation et esp\u00e8re, si vous le d\u00e9sirez ou si une de mes r\u00e9alisations vous int\u00e9resse, me contacter ou simplement me transmettre vos remarques \u00e9ventuelles via ma rubrique contact. Salutations Pierre Bauer<\/p>\n","protected":false},"author":1,"featured_media":0,"parent":0,"menu_order":0,"comment_status":"open","ping_status":"open","template":"template-full.php","meta":[],"_links":{"self":[{"href":"https:\/\/www.pierre-bauer.fr\/index.php?rest_route=\/wp\/v2\/pages\/287"}],"collection":[{"href":"https:\/\/www.pierre-bauer.fr\/index.php?rest_route=\/wp\/v2\/pages"}],"about":[{"href":"https:\/\/www.pierre-bauer.fr\/index.php?rest_route=\/wp\/v2\/types\/page"}],"author":[{"embeddable":true,"href":"https:\/\/www.pierre-bauer.fr\/index.php?rest_route=\/wp\/v2\/users\/1"}],"replies":[{"embeddable":true,"href":"https:\/\/www.pierre-bauer.fr\/index.php?rest_route=%2Fwp%2Fv2%2Fcomments&post=287"}],"version-history":[{"count":12,"href":"https:\/\/www.pierre-bauer.fr\/index.php?rest_route=\/wp\/v2\/pages\/287\/revisions"}],"predecessor-version":[{"id":7166,"href":"https:\/\/www.pierre-bauer.fr\/index.php?rest_route=\/wp\/v2\/pages\/287\/revisions\/7166"}],"wp:attachment":[{"href":"https:\/\/www.pierre-bauer.fr\/index.php?rest_route=%2Fwp%2Fv2%2Fmedia&parent=287"}],"curies":[{"name":"wp","href":"https:\/\/api.w.org\/{rel}","templated":true}]}}