{"id":279,"date":"2014-11-15T12:52:53","date_gmt":"2014-11-15T12:52:53","guid":{"rendered":"http:\/\/www.pierre-bauer.fr\/?page_id=279"},"modified":"2026-05-05T16:15:35","modified_gmt":"2026-05-05T16:15:35","slug":"mon-actualites","status":"publish","type":"page","link":"https:\/\/www.pierre-bauer.fr\/?page_id=279","title":{"rendered":"Mon actualit\u00e9"},"content":{"rendered":"<p style=\"text-align: left;\"><span style=\"font-size: large;\"><b>Je me pr\u00e9sente<\/b><\/span>\u00a0:<\/p>\n<p style=\"text-align: left;\" align=\"justify\"><span style=\"font-size: small;\">N\u00e9 le 07 juillet 1944, apr\u00e8s une formation artistique musicale et un parcours universitaire orient\u00e9 vers l\u2019ing\u00e9nierie et la qualit\u00e9, je d\u00e9couvre fortuitement les arts plastiques via la r\u00e9v\u00e9lation graphique du jeu des nuances.<\/span><\/p>\n<p style=\"text-align: left;\" align=\"justify\"><span style=\"font-size: small;\">Du passe-temps \u00e0 la pratique plus soutenue, je parcourt depuis 2001 les diff\u00e9rentes techniques de peinture allant du dessin (plume et lavis d\u2019encre de chine ou mines de plomb) \u00e0 l\u2019aquarelle ou \u00e0 l\u2019acrylique dans le cadre des <\/span><span style=\"font-size: small;\"><b>Ateliers Plastiques de Boulogne Billancourt<\/b><\/span><span style=\"font-size: small;\">.<\/span><\/p>\n<p style=\"text-align: left;\" align=\"justify\"><span style=\"font-size: small;\">Mes compositions refl\u00e8tent le besoin de transmettre ma sensibilit\u00e9 et mon attachement aux sites visit\u00e9s tant en France, Bretagne en particulier, qu\u2019\u00e0 l\u2019\u00e9tranger. L\u2019univers de la danse et celui de la musique sont \u00e9galement mes sources d\u2019inspiration comme celui du portrait et des paysages qui m\u2019ont toujours fortement inspir\u00e9.<\/span><\/p>\n<p style=\"text-align: left;\" align=\"justify\"><span style=\"font-size: large;\"><b><br \/>\nMon actualit\u00e9 et r\u00e9alisations : <\/b><\/span><\/p>\n<ul style=\"text-align: left;\">\n<li><strong>2002,<\/strong> Participation au Salon D\u2019Arts Plastiques de Boulogne Billancourt<br \/>\n(2 r\u00e9alisations retenues),<\/li>\n<li><strong>2003,<\/strong> S\u00e9lection et participation au salon Voisins le Bretonneux (Centre Vigny)<br \/>\n(2 r\u00e9alisations retenues)<\/li>\n<li><strong>2005,<\/strong> Stand exposition au salon de Dampierre,<\/li>\n<li><strong>2007,<\/strong> Exposition durant un an \u00e0 la galerie \u00ab Vies d\u2019artistes \u00bb \u00e0 Paris<br \/>\n(10 r\u00e9alisations retenues),<\/li>\n<li><strong>2009<\/strong>, s\u00e9lection et participation au salon Noir et Blanc \u00e0 La Garenne Colombes.<br \/>\n(3 r\u00e9alisations retenues)<\/li>\n<li><strong>2009<\/strong>, s\u00e9lection et participation au Salon de printemps Boulogne Billancourt<br \/>\n(1 r\u00e9alisation retenue)<\/li>\n<li><strong>Octobre 2009<\/strong>, tenue d\u2019un stand d\u2019information sur mon travail aux Portes ouvertes Ateliers d\u2019artistes de Boulogne Billancourt,<\/li>\n<li><strong>D\u00e9cembre 2009<\/strong>, exposition \u00e0 la Galerie Monod (Paris)<br \/>\n(25 r\u00e9alisations retenues)<\/li>\n<li><strong>2010<\/strong>, participation \u00e0 l\u2019exposition sur le japon, Centre Georges Gorce de Boulogne Billancourt<br \/>\n(5 r\u00e9alisations retenues),<\/li>\n<li><strong>Novembre 2010<\/strong>, exposition \u00e0 la Galerie Monod (Paris)<br \/>\n(30 r\u00e9alisations retenues),<\/li>\n<li><strong>2011<\/strong>, s\u00e9lection et participation au salon d\u2019automne petits formats, Soci\u00e9t\u00e9 des beaux arts de Boulogne Billancourt\u00a0 (1 r\u00e9alisation retenue),<\/li>\n<li><strong>2011<\/strong>, s\u00e9lection et participation au salon Noir et Blanc \u00e0 La Garenne Colombes.<br \/>\n(2 r\u00e9alisations retenues),<\/li>\n<li><strong>2011<\/strong>, s\u00e9lection et participation au 20 eme salon international ARGR<br \/>\n(4 r\u00e9alisations retenues),<\/li>\n<li><strong>2012<\/strong>, participation \u00e0 l\u2019exposition \u00ab Andalousies\u00a0\u00bb des Ateliers Plastiques de Boulogne Billancourt<br \/>\n(3 r\u00e9alisations retenues)<\/li>\n<li><strong>2013<\/strong>, participation \u00e0 l\u2019exposition \u00ab en Vol\u00a0\u00bb des Ateliers Plastiques de Boulogne Billancourt<br \/>\n(1 r\u00e9alisation retenue)<\/li>\n<li><strong>2013<\/strong>, s\u00e9lection et participation au salon d\u2019automne petits formats, Soci\u00e9t\u00e9 des beaux arts de Boulogne Billancourt.(2 r\u00e9alisations retenues)<\/li>\n<li><strong>2013<\/strong>, s\u00e9lection et participation au 21 eme salon international ARGR (5 r\u00e9alisations retenues).<\/li>\n<li><strong>2013<\/strong>, s\u00e9lection et participation au salon Noir et Blanc \u00e0 La Garenne Colombes. (1 r\u00e9alisation retenue).<\/li>\n<li><strong>fin 2014<\/strong>, cr\u00e9ation de mon site Web.<\/li>\n<li><strong>\u00a02015<\/strong>,\u00a0selection et\u00a0participation au salon Noir et Blanc \u00e0 La Garenne Colombes. (1 r\u00e9alisation retenue).<\/li>\n<li><strong>\u00a02015<\/strong>,\u00a0participation \u00e0 l&rsquo;exposition \u00ab\u00a0Ordre et chaos\u00a0\u00bb des Ateliers plastiques de Boulogne Billancourt\u00a0\u00a0(5 r\u00e9alisations retenues).<\/li>\n<li style=\"text-align: left;\"><strong>Novembre 2015<\/strong>, pr\u00e9paration pour s\u00e9lection et participation au 23 eme salon international ARGR (4 r\u00e9alisations retenues).<\/li>\n<li style=\"text-align: left;\"><strong>Mars 2016<\/strong>,\u00a0 participation \u00e0 l&rsquo;exposition \u00ab\u00a0Animal\u00a0\u00bb des Ateliers plastiques de Boulogne Billancourt (4 r\u00e9alisations retenues) .<\/li>\n<li style=\"text-align: left;\"><strong>Mars 2017<\/strong>,\u00a0\u00a0participation \u00e0 l&rsquo;exposition \u00ab\u00a0Jardins\u00a0\u00bb des Ateliers plastiques de Boulogne Billancourt\u00a0(3 r\u00e9alisations retenues)\u00a0 .<\/li>\n<li style=\"text-align: left;\"><strong>Mars 2018<\/strong>,\u00a0\u00a0participation \u00e0 l&rsquo;exposition \u00ab\u00a0Ondes\u00a0\u00bb des Ateliers plastiques de Boulogne Billancourt\u00a0(1 r\u00e9alisation \u00a0retenue ).<\/li>\n<li style=\"text-align: left;\"><strong>Juin\u00a02019<\/strong>,\u00a0\u00a0participation \u00e0 l&rsquo;exposition \u00ab\u00a0700 ans de Boulogne Billancourt \u00a0\u00bb des Ateliers plastiques de Boulogne Billancourt\u00a0\u00a0(3 r\u00e9alisations retenues)\u00a0 .<\/li>\n<li><strong>Mars 2020<\/strong>,\u00a0\u00a0participation \u00e0 l&rsquo;exposition virtuelle \u00ab\u00a0Op\u00e9ra \u00a0\u00bb des Ateliers plastiques de Boulogne Billancourt \u00a0(4 r\u00e9alisations retenues) .<\/li>\n<li><strong>Mai 2021<\/strong>, participation \u00e0 l&rsquo;exposition virtuelle, sur le site de la ville de Boulogne-Billancourt, \u00ab\u00a0Jean Gabin \u00a0\u00bb des Ateliers plastiques de Boulogne-Billancourt \u00a0(13 r\u00e9alisations retenues) \u00a0.<\/li>\n<\/ul>\n<ul>\n<li><strong>Mai 2022<\/strong>, participation \u00e0 l&rsquo;exposition \u00ab\u00a0Jeux\u00a0\u00bb\u00a0 des Ateliers plastiques de Boulogne-Billancourt\u00a0 \u00a0(2 r\u00e9alisations retenues) .<\/li>\n<li><strong>Mai 2023<\/strong>, participation \u00e0 l&rsquo;exposition \u00ab\u00a0Fables\u00a0\u00bb\u00a0 des Ateliers plastiques de Boulogne-Billancourt (2 r\u00e9alisations retenues) .<\/li>\n<li><strong>Juin 2024<\/strong>, participation \u00e0 l&rsquo;exposition \u00ab\u00a0Sports\u00a0\u00bb des Ateliers plastiques de Boulogne-Billancourt (4 r\u00e9alisations retenues) .<\/li>\n<li><strong>Juin 2025<\/strong>, participation \u00e0 l&rsquo;exposition \u00a0\u00bb Saisons \u00a0\u00bb\u00a0 des Ateliers plastiques de Boulogne-Billancourt (2 r\u00e9alisations retenues) .<\/li>\n<li><\/li>\n<\/ul>\n<p style=\"text-align: left;\" align=\"justify\"><span style=\"font-size: large;\"><b>Pr\u00e9visions :<\/b><\/span><\/p>\n<ul>\n<li style=\"list-style-type: none;\">\n<ul>\n<li><strong>Mai 2026<\/strong>, participation \u00e0 l&rsquo;exposition \u00a0\u00bb Ateliers \u00a0\u00bb\u00a0 des Ateliers plastiques de Boulogne-Billancourt .<\/li>\n<\/ul>\n<\/li>\n<\/ul>\n","protected":false},"excerpt":{"rendered":"<p>Je me pr\u00e9sente\u00a0: N\u00e9 le 07 juillet 1944, apr\u00e8s une formation artistique musicale et un parcours universitaire orient\u00e9 vers l\u2019ing\u00e9nierie et la qualit\u00e9, je d\u00e9couvre fortuitement les arts plastiques via la r\u00e9v\u00e9lation graphique du jeu des nuances. Du passe-temps \u00e0 la pratique plus soutenue, je parcourt depuis 2001 les diff\u00e9rentes techniques de peinture allant du [&hellip;]<\/p>\n","protected":false},"author":1,"featured_media":0,"parent":0,"menu_order":0,"comment_status":"open","ping_status":"open","template":"template-full.php","meta":[],"_links":{"self":[{"href":"https:\/\/www.pierre-bauer.fr\/index.php?rest_route=\/wp\/v2\/pages\/279"}],"collection":[{"href":"https:\/\/www.pierre-bauer.fr\/index.php?rest_route=\/wp\/v2\/pages"}],"about":[{"href":"https:\/\/www.pierre-bauer.fr\/index.php?rest_route=\/wp\/v2\/types\/page"}],"author":[{"embeddable":true,"href":"https:\/\/www.pierre-bauer.fr\/index.php?rest_route=\/wp\/v2\/users\/1"}],"replies":[{"embeddable":true,"href":"https:\/\/www.pierre-bauer.fr\/index.php?rest_route=%2Fwp%2Fv2%2Fcomments&post=279"}],"version-history":[{"count":36,"href":"https:\/\/www.pierre-bauer.fr\/index.php?rest_route=\/wp\/v2\/pages\/279\/revisions"}],"predecessor-version":[{"id":7885,"href":"https:\/\/www.pierre-bauer.fr\/index.php?rest_route=\/wp\/v2\/pages\/279\/revisions\/7885"}],"wp:attachment":[{"href":"https:\/\/www.pierre-bauer.fr\/index.php?rest_route=%2Fwp%2Fv2%2Fmedia&parent=279"}],"curies":[{"name":"wp","href":"https:\/\/api.w.org\/{rel}","templated":true}]}}